{"id":872,"date":"2013-09-03T15:10:23","date_gmt":"2013-09-03T15:10:23","guid":{"rendered":"https:\/\/www.mobile.condorhotel.com\/fr\/home-7\/"},"modified":"2025-03-26T13:17:17","modified_gmt":"2025-03-26T13:17:17","slug":"home-7","status":"publish","type":"page","link":"https:\/\/www.mobile.condorhotel.com\/fr\/","title":{"rendered":"Home"},"content":{"rendered":"<div id=\"b1\"><img loading=\"lazy\" decoding=\"async\" class=\"aligncenter size-full wp-image-722\" src=\"https:\/\/www.mobile.condorhotel.com\/wp-content\/uploads\/2013\/09\/home1.jpg\" alt=\"Taormina view\" width=\"605\" height=\"1001\" \/><\/div>\n<div class=\"txt-home\">\n<h1>Hotel info<\/h1>\n<p class=\"testohome\">Parmi les\u00a0<strong>h\u00f4tels<\/strong>\u00a0avec\u00a0<strong>vue sur mer<\/strong>\u00a0de\u00a0<strong>Taormine<\/strong>, l\u2019<strong>H\u00f4tel Condor<\/strong>\u00a0vous propose un accueil exquis \u00e0 deux pas du\u00a0<strong>centre historique<\/strong>, du\u00a0<strong>Th\u00e9\u00e2tre Grec<\/strong>\u00a0et \u00e0 quelques minutes du funiculaire qui m\u00e8ne aux\u00a0<strong>plages<\/strong>.<\/p>\n<p class=\"txt\">Les espaces de l\u2019<strong>h\u00f4tel<\/strong>, g\u00e9r\u00e9s avec exp\u00e9rience et cordialit\u00e9 par la famille Spart\u00e0 Longo, sont soign\u00e9s et dot\u00e9s de tout le confort. Ils sont parfaits pour des\u00a0<strong>vacances<\/strong>\u00a0agr\u00e9ables \u00e0\u00a0<strong>Taormine<\/strong>\u00a0dans une situation privil\u00e9gi\u00e9e, au calme, loin de l\u2019agitation. Le splendide\u00a0<strong>panorama<\/strong>\u00a0dont on profite des\u00a0<strong>chambres<\/strong>\u00a0et des terrasses de l\u2019<strong>H\u00f4tel Condor<\/strong>\u00a0apportera une note de charme et de po\u00e9sie \u00e0 votre s\u00e9jour \u00e0\u00a0<strong>Taormine<\/strong>, la perla de la M\u00e9diterran\u00e9e, \u00e0 deux pas de l\u2019une des destinations touristiques les plus pris\u00e9es dans le monde.<\/p>\n<\/div>\n<div class=\"plus-home\">\n<div class=\"plus-home-sotto\">\n<div class=\"boxini\">\n<h3>QUICK INFO<\/h3>\n<ul>\n<li>\u00b7 Check-in: 14:00 &#8211; 22:30<\/li>\n<li>\u00b7 Check-out: 7:30 &#8211; 10:45<\/li>\n<\/ul>\n<\/div>\n<div class=\"boxini\">\n<h3>COMFORT<\/h3>\n<ul>\n<li>\u00b7 Bar<\/li>\n<li>\u00b7 Tv Lcd<\/li>\n<li>\u00b7 Terrazza panoramica con vista del mare e delle colline<\/li>\n<li>\u00b7 Parcheggio privato e Garage, entrambi a pagamento<\/li>\n<li>\u00b7 Internet Point<\/li>\n<li>\u00b7 Prenotazioni Tour<\/li>\n<li>\u00b7 Solarium<\/li>\n<li>\u00b7 Informazioni Turistiche<\/li>\n<li>\u00b7 Connessione veloce ad internet dal proprio PC<\/li>\n<li>\u00b7 Wi Fi nelle aree comuni ed in camera<\/li>\n<li>\u00b7 Servizio spiaggia convenzionato<\/li>\n<li>\u00b7 Wine bar<\/li>\n<li>\u00b7 Trasporto da\/ per aeroporto<\/li>\n<li>\u00b7 Cassetta di sicurezza<\/li>\n<li>\u00b7 Business Center<\/li>\n<\/ul>\n<\/div>\n<\/div>\n<\/div>\n<div class=\"network-home\">\n<ul>\n<li class=\"logo1\"><a href=\"https:\/\/www.nozio.com\/\" target=\"_blank\" rel=\"noopener\"><img decoding=\"async\" src=\"https:\/\/mobile.condorhotel.com\/wp-content\/themes\/smartmobile\/img\/ico-nozio.jpg\" \/><\/a><\/li>\n<li class=\"logo2\"><img decoding=\"async\" src=\"https:\/\/mobile.condorhotel.com\/wp-content\/themes\/smartmobile\/img\/ico-wififree.jpg\" \/><\/li>\n<li class=\"logo3\"><img decoding=\"async\" src=\"https:\/\/mobile.condorhotel.com\/wp-content\/themes\/smartmobile\/img\/ico-sky.jpg\" \/><\/li>\n<li class=\"logo4\"><a href=\"https:\/\/www.facebook.com\/pages\/Hotel-Condor-Taormina\/378669119652\" target=\"_blank\" rel=\"noopener\"><img decoding=\"async\" src=\"https:\/\/mobile.condorhotel.com\/wp-content\/themes\/smartmobile\/img\/ico-facebook.jpg\" \/><\/a><\/li>\n<li class=\"logo5\"><a href=\"https:\/\/plus.google.com\/107661599903757241056\" target=\"_blank\" rel=\"noopener\"><img decoding=\"async\" src=\"https:\/\/mobile.condorhotel.com\/wp-content\/themes\/smartmobile\/img\/ico-googleplus.jpg\" \/><\/a><\/li>\n<\/ul>\n<\/div>\n<div class=\"footer-home\">\n<div class=\"anagrafica\">\n<address><strong>Hotel Condor<\/strong> | Via Dietro Cappuccini 25, 98039 Taormina (ME), Italia<br \/>\nTel. +39.0942.23124 Fax +39.0942.625726<br \/>\nP.IVA 03794800833 | <a href=\"mailto:info@condorhotel.com\">info@condorhotel.com<\/a><br \/>\nHotel Condor \u00a9 2000-2025 <a class=\"policy\" href=\"http:\/\/www.nozio.biz\/cr.htm\" target=\"_blank\" rel=\"nofollow noopener\">Cookies\/Copyright\/IP Policy<\/a> &#8211; <a class=\"policy\" href=\"privacy.htm\" target=\"_blank\" rel=\"nofollow noopener\">Privacy<\/a><br \/>\n<a class=\"cr\" href=\"http:\/\/www.nozio.biz\/\" target=\"_blank\" rel=\"nofollow noopener\">Hotel Marketing by Nozio Business<\/a><br clear=\"all\" \/><br clear=\"all\" \/><\/p>\n<address>IL.MA. HOTELS S.R.L.<br \/>\nVIA DIETRO CAPPUCCINI 27 &#8211; 98039 TAORMINA (ME)<br \/>\nIscrizione al R.E.A. ME &#8211; 260970<br \/>\nCapitale sociale euro 10.000,00<br \/>\nP.IVA 03794800833<\/address>\n<\/address>\n<\/div>\n<\/div>\n","protected":false},"excerpt":{"rendered":"<p>Hotel info Parmi les\u00a0h\u00f4tels\u00a0avec\u00a0vue sur mer\u00a0de\u00a0Taormine, l\u2019H\u00f4tel Condor\u00a0vous propose un accueil exquis \u00e0 deux pas du\u00a0centre historique, du\u00a0Th\u00e9\u00e2tre Grec\u00a0et \u00e0 quelques minutes du funiculaire qui m\u00e8ne aux\u00a0plages. Les espaces de l\u2019h\u00f4tel, g\u00e9r\u00e9s avec exp\u00e9rience et cordialit\u00e9 par la famille Spart\u00e0 Longo, sont soign\u00e9s et dot\u00e9s de tout le confort. Ils sont parfaits pour des\u00a0vacances\u00a0agr\u00e9ables \u00e0\u00a0Taormine\u00a0dans [&hellip;]<\/p>\n","protected":false},"author":2,"featured_media":0,"parent":0,"menu_order":0,"comment_status":"open","ping_status":"open","template":"page-smartmobile.php","meta":{"footnotes":""},"class_list":["post-872","page","type-page","status-publish","hentry"],"_links":{"self":[{"href":"https:\/\/www.mobile.condorhotel.com\/fr\/wp-json\/wp\/v2\/pages\/872","targetHints":{"allow":["GET"]}}],"collection":[{"href":"https:\/\/www.mobile.condorhotel.com\/fr\/wp-json\/wp\/v2\/pages"}],"about":[{"href":"https:\/\/www.mobile.condorhotel.com\/fr\/wp-json\/wp\/v2\/types\/page"}],"author":[{"embeddable":true,"href":"https:\/\/www.mobile.condorhotel.com\/fr\/wp-json\/wp\/v2\/users\/2"}],"replies":[{"embeddable":true,"href":"https:\/\/www.mobile.condorhotel.com\/fr\/wp-json\/wp\/v2\/comments?post=872"}],"version-history":[{"count":3,"href":"https:\/\/www.mobile.condorhotel.com\/fr\/wp-json\/wp\/v2\/pages\/872\/revisions"}],"predecessor-version":[{"id":884,"href":"https:\/\/www.mobile.condorhotel.com\/fr\/wp-json\/wp\/v2\/pages\/872\/revisions\/884"}],"wp:attachment":[{"href":"https:\/\/www.mobile.condorhotel.com\/fr\/wp-json\/wp\/v2\/media?parent=872"}],"curies":[{"name":"wp","href":"https:\/\/api.w.org\/{rel}","templated":true}]}}